{"id":2760,"date":"2025-10-14T05:04:39","date_gmt":"2025-10-14T05:04:39","guid":{"rendered":"https:\/\/www.alitaresins.com\/?page_id=2760"},"modified":"2025-10-14T05:06:01","modified_gmt":"2025-10-14T05:06:01","slug":"china-fiberglass","status":"publish","type":"page","link":"https:\/\/www.alitaresins.com\/es\/china-fiberglass\/","title":{"rendered":"Fibra de vidrio"},"content":{"rendered":"<p><div class=\"fusion-fullwidth fullwidth-box fusion-builder-row-1 fusion-flex-container hundred-percent-fullwidth non-hundred-percent-height-scrolling\" style=\"--awb-background-position:left top;--awb-background-blend-mode:screen;--awb-border-radius-top-left:0px;--awb-border-radius-top-right:0px;--awb-border-radius-bottom-right:0px;--awb-border-radius-bottom-left:0px;--awb-padding-top:0px;--awb-padding-right:0px;--awb-padding-bottom:0px;--awb-padding-left:00px;--awb-padding-top-medium:0px;--awb-padding-bottom-medium:0px;--awb-padding-top-small:0px;--awb-margin-bottom:115px;--awb-margin-bottom-medium:70px;--awb-flex-wrap:wrap;\" ><div class=\"fusion-builder-row fusion-row fusion-flex-align-items-stretch fusion-flex-content-wrap\" style=\"width:calc( 100% + 0px ) !important;max-width:calc( 100% + 0px ) !important;margin-left: calc(-0px \/ 2 );margin-right: calc(-0px \/ 2 );\"><div class=\"fusion-layout-column fusion_builder_column fusion-builder-column-0 fusion-flex-column\" style=\"--awb-bg-image:linear-gradient(180deg, rgba(0,28,82,0) 65%,var(--awb-color7) 100%),url(https:\/\/www.alitaresins.com\/wp-content\/uploads\/2025\/10\/Fiberglass.webp);;--awb-bg-position:center center;--awb-bg-blend:overlay;--awb-bg-size:cover;--awb-width-large:45%;--awb-margin-top-large:0px;--awb-spacing-right-large:0px;--awb-margin-bottom-large:0px;--awb-spacing-left-large:0px;--awb-width-medium:45%;--awb-order-medium:0;--awb-spacing-right-medium:0px;--awb-spacing-left-medium:0px;--awb-width-small:100%;--awb-order-small:0;--awb-spacing-right-small:0px;--awb-spacing-left-small:0px;\"><div class=\"fusion-column-wrapper fusion-column-has-shadow fusion-flex-justify-content-flex-start fusion-content-layout-column fusion-empty-column-bg-image fusion-column-has-bg-image\" data-bg-url=\"https:\/\/www.alitaresins.com\/wp-content\/uploads\/2025\/10\/Fiberglass.webp\"><img decoding=\"async\" class=\"fusion-empty-dims-img-placeholder fusion-no-large-visibility fusion-no-medium-visibility\" alt=\"Fibra de vidrio\" aria-label=\"Fibra de vidrio\" src=\"data:image\/svg+xml,%3Csvg%20xmlns%3D%27http%3A%2F%2Fwww.w3.org%2F2000%2Fsvg%27%20width%3D%271306%27%20height%3D%27778%27%20viewBox%3D%270%200%201306%20778%27%3E%3Crect%20width%3D%271306%27%20height%3D%27778%27%20fill-opacity%3D%220%22%2F%3E%3C%2Fsvg%3E\" title=\"\"><\/div><\/div><div class=\"fusion-layout-column fusion_builder_column fusion-builder-column-1 fusion-flex-column\" style=\"--awb-padding-top:7.5vw;--awb-padding-right:7.5vw;--awb-padding-bottom:7.5vw;--awb-padding-left:7.5vw;--awb-padding-top-small:11vw;--awb-padding-right-small:11vw;--awb-padding-bottom-small:11vw;--awb-padding-left-small:11vw;--awb-bg-color:hsla(var(--awb-color5-h),var(--awb-color5-s),calc(var(--awb-color5-l) - 9%),var(--awb-color5-a));--awb-bg-color-hover:hsla(var(--awb-color5-h),var(--awb-color5-s),calc(var(--awb-color5-l) - 9%),var(--awb-color5-a));--awb-bg-size:cover;--awb-width-large:55%;--awb-margin-top-large:0px;--awb-spacing-right-large:0px;--awb-margin-bottom-large:0px;--awb-spacing-left-large:0px;--awb-width-medium:55%;--awb-order-medium:0;--awb-spacing-right-medium:0px;--awb-spacing-left-medium:0px;--awb-width-small:100%;--awb-order-small:1;--awb-spacing-right-small:0px;--awb-spacing-left-small:0px;\"><div class=\"fusion-column-wrapper fusion-column-has-shadow fusion-flex-justify-content-flex-start fusion-content-layout-column\"><div class=\"fusion-text fusion-text-1\" style=\"--awb-font-size:19px;--awb-text-color:var(--awb-color4);\"><p class=\"p1\">Uno de nuestros socios fabricantes de fibra de vidrio<\/p>\n<\/div><div class=\"fusion-title title fusion-title-1 fusion-sep-none fusion-title-text fusion-title-size-one\" style=\"--awb-text-color:var(--awb-color1);--awb-margin-bottom:20px;--awb-margin-top-small:10px;--awb-margin-right-small:0px;--awb-margin-bottom-small:40px;--awb-margin-left-small:0px;--awb-font-size:50px;\"><h1 class=\"fusion-title-heading title-heading-left\" style=\"margin:0;font-size:1em;line-height:1.3em;\">Fibra de vidrio<\/h1><\/div><div class=\"fusion-text fusion-text-2\" style=\"--awb-text-color:hsla(var(--awb-color1-h),var(--awb-color1-s),var(--awb-color1-l),calc( var(--awb-color1-a) - 30% ));\"><p>La fibra de vidrio (abreviada como GF) es un tipo de fibra hecha de vidrio, formada mediante procesos como el trefilado o el soplado de fibra fundida. Se caracteriza por su alta resistencia, resistencia a altas temperaturas, resistencia a la corrosi\u00f3n y excelente aislamiento el\u00e9ctrico. Es el material de refuerzo m\u00e1s utilizado en materiales compuestos, especialmente en materiales FRP\/GRP como la resina de poli\u00e9ster insaturada y la resina epoxi.<\/p>\n<\/div><div ><a class=\"fusion-button button-flat button-large button-custom fusion-button-default button-1 fusion-button-default-span fusion-button-default-type fusion-has-button-gradient custom-hero-btn\" style=\"--button_accent_color:var(--awb-color8);--button_border_color:var(--awb-color8);--button_accent_hover_color:var(--awb-color1);--button_border_hover_color:var(--awb-color1);--button_gradient_top_color:var(--awb-color1);--button_gradient_bottom_color:var(--awb-color1);--button_gradient_top_color_hover:var(--awb-color5);--button_gradient_bottom_color_hover:hsla(var(--awb-color5-h),var(--awb-color5-s),calc(var(--awb-color5-l) - 9%),var(--awb-color5-a));--button_margin-top:20px;\" target=\"_self\" href=\"https:\/\/www.alitaresins.com\/es\/contact\/\"><span class=\"fusion-button-text awb-button__text awb-button__text--default\">Consigue una cotizaci\u00f3n<\/span><\/a><\/div><\/div><\/div><\/div><\/div><div class=\"fusion-fullwidth fullwidth-box fusion-builder-row-2 fusion-flex-container nonhundred-percent-fullwidth non-hundred-percent-height-scrolling\" style=\"--awb-border-radius-top-left:0px;--awb-border-radius-top-right:0px;--awb-border-radius-bottom-right:0px;--awb-border-radius-bottom-left:0px;--awb-padding-bottom:115px;--awb-padding-bottom-medium:70px;--awb-margin-bottom:0px;--awb-background-image:linear-gradient(180deg, var(--awb-color1) 0%,hsla(var(--awb-color8-h),var(--awb-color8-s),calc( var(--awb-color8-l) + 97% ),var(--awb-color8-a)) 100%);--awb-flex-wrap:wrap;\" ><div class=\"fusion-builder-row fusion-row fusion-flex-align-items-stretch fusion-flex-content-wrap\" style=\"max-width:calc( 1370px + 20px );margin-left: calc(-20px \/ 2 );margin-right: calc(-20px \/ 2 );\"><div class=\"fusion-layout-column fusion_builder_column fusion-builder-column-2 fusion_builder_column_1_1 1_1 fusion-flex-column\" style=\"--awb-bg-size:cover;--awb-width-large:100%;--awb-margin-top-large:0px;--awb-spacing-right-large:10px;--awb-margin-bottom-large:20px;--awb-spacing-left-large:10px;--awb-width-medium:100%;--awb-order-medium:0;--awb-spacing-right-medium:10px;--awb-spacing-left-medium:10px;--awb-width-small:100%;--awb-order-small:0;--awb-spacing-right-small:10px;--awb-spacing-left-small:10px;\"><div class=\"fusion-column-wrapper fusion-column-has-shadow fusion-flex-justify-content-flex-start fusion-content-layout-column\"><div class=\"awb-toc-el awb-toc-el--1\" data-awb-toc-id=\"1\" data-awb-toc-options=\"{&quot;allowed_heading_tags&quot;:{&quot;h3&quot;:0},&quot;ignore_headings&quot;:&quot;&quot;,&quot;ignore_headings_words&quot;:&quot;&quot;,&quot;enable_cache&quot;:&quot;yes&quot;,&quot;highlight_current_heading&quot;:&quot;no&quot;,&quot;hide_hidden_titles&quot;:&quot;yes&quot;,&quot;limit_container&quot;:&quot;all&quot;,&quot;select_custom_headings&quot;:&quot;&quot;,&quot;icon&quot;:&quot;fa-flag fas&quot;,&quot;counter_type&quot;:&quot;none&quot;}\" style=\"--awb-padding-bottom:60px;\"><div class=\"awb-toc-el__content\"><\/div><\/div><div class=\"fusion-separator fusion-full-width-sep\" style=\"align-self: center;margin-left: auto;margin-right: auto;width:100%;\"><div class=\"fusion-separator-border sep-single sep-dashed\" style=\"--awb-height:20px;--awb-amount:20px;border-color:var(--awb-color3);border-top-width:1px;\"><\/div><\/div><div class=\"fusion-text fusion-text-3\"><h3>1. Tejido de fibra de vidrio<\/h3>\n<h4>Descripci\u00f3n del producto<\/h4>\n<p>Tejido bidireccional a partir de mechas directas. Es compatible con una gran variedad de sistemas de resina, incluidos el poli\u00e9ster insaturado, el \u00e9ster de vinilo y las resinas epoxi.<\/p>\n<h4>Aplicaciones<\/h4>\n<ul>\n<li>Procesos de moldeado manual y mecanizado.<\/li>\n<li>Barcos, embarcaciones y contenedores.<\/li>\n<li>Componentes para aviones y autom\u00f3viles.<\/li>\n<li>Mobiliario y equipamiento deportivo.<\/li>\n<\/ul>\n<h4>Propiedades clave<\/h4>\n<ul>\n<li>Compatible con m\u00faltiples sistemas de resina.<\/li>\n<li>Excelente drapeabilidad y conformabilidad, lo que facilita su manipulaci\u00f3n.<\/li>\n<li>R\u00e1pida humectaci\u00f3n, lo que se traduce en una alta eficiencia de producci\u00f3n.<\/li>\n<li>Buena transparencia en laminados.<\/li>\n<li>Rendimiento mec\u00e1nico superior.<\/li>\n<\/ul>\n<h4>Especificaciones t\u00e9cnicas<\/h4>\n<div class=\"table-1\">\n<table>\n<thead>\n<tr>\n<th>C\u00f3digo del producto<\/th>\n<th>Peso areal (g\/m\u00b2)<\/th>\n<th>Densidad de urdimbre y trama (cabos\/cm)<\/th>\n<th>Tex itinerante<\/th>\n<th>LOI (%)<\/th>\n<\/tr>\n<\/thead>\n<tbody>\n<tr>\n<td>EWR200<\/td>\n<td>200<\/td>\n<td>4.6 \u00d7 4.6<\/td>\n<td>200 \u00d7 200<\/td>\n<td>0.4-0.8<\/td>\n<\/tr>\n<tr>\n<td>EWR270<\/td>\n<td>270<\/td>\n<td>4.6 \u00d7 4.1<\/td>\n<td>300 \u00d7 300<\/td>\n<td>0.4-0.8<\/td>\n<\/tr>\n<tr>\n<td>EWR300<\/td>\n<td>300<\/td>\n<td>5.0 \u00d7 5.0 \/ 3.2 \u00d7 1.8<\/td>\n<td>300 \u00d7 300 \/ 600 \u00d7 600<\/td>\n<td>0.4-0.8<\/td>\n<\/tr>\n<tr>\n<td>EWR360<\/td>\n<td>360<\/td>\n<td>3.2 \u00d7 1.8<\/td>\n<td>600 \u00d7 900<\/td>\n<td>0.4-0.8<\/td>\n<\/tr>\n<tr>\n<td>EWR400<\/td>\n<td>400<\/td>\n<td>3.6 \u00d7 3.2<\/td>\n<td>600 \u00d7 600<\/td>\n<td>0.4-0.8<\/td>\n<\/tr>\n<tr>\n<td>EWR500<\/td>\n<td>500<\/td>\n<td>2.2 \u00d7 2.0<\/td>\n<td>1200 \u00d7 1200<\/td>\n<td>0.4-0.8<\/td>\n<\/tr>\n<tr>\n<td>EWR580<\/td>\n<td>580<\/td>\n<td>2.6 \u00d7 2.2<\/td>\n<td>1200 \u00d7 1200<\/td>\n<td>0.4-0.8<\/td>\n<\/tr>\n<tr>\n<td>EWR600<\/td>\n<td>600<\/td>\n<td>2.6 \u00d7 2.4<\/td>\n<td>1200 \u00d7 1200<\/td>\n<td>0.4-0.8<\/td>\n<\/tr>\n<tr>\n<td>EWR800<\/td>\n<td>800<\/td>\n<td>2.0 \u00d7 1.6<\/td>\n<td>2400 \u00d7 2400<\/td>\n<td>0.4-0.8<\/td>\n<\/tr>\n<\/tbody>\n<\/table>\n<\/div>\n<h3>2. Fibra de vidrio tejida Roving Combo Mat<\/h3>\n<h4>Descripci\u00f3n del producto<\/h4>\n<p>Refuerzo compuesto formado por una capa de mecha tejida combinada con una capa de hebras picadas distribuidas uniformemente, que se unen mediante cosido o un aglutinante.<\/p>\n<h4>Aplicaciones<\/h4>\n<ul>\n<li>Cascos de embarcaciones FRP.<\/li>\n<li>Paneles de carrocer\u00eda de autom\u00f3viles.<\/li>\n<li>Chapas, puertas y perfiles.<\/li>\n<\/ul>\n<h4>Propiedades clave<\/h4>\n<ul>\n<li>Espesor uniforme.<\/li>\n<li>Alto \u00edndice de humectaci\u00f3n.<\/li>\n<li>Excelente resistencia a la tracci\u00f3n.<\/li>\n<li>Buena estabilidad dimensional; resiste la deformaci\u00f3n.<\/li>\n<li>Facilita el flujo y la impregnaci\u00f3n de la resina.<\/li>\n<\/ul>\n<h4>Especificaciones t\u00e9cnicas<\/h4>\n<div class=\"table-1\">\n<table>\n<thead>\n<tr>\n<th>C\u00f3digo del producto<\/th>\n<th>Peso areal total (g\/m\u00b2)<\/th>\n<th>Capa de tejido (g\/m\u00b2)<\/th>\n<th>Capa de filamentos cortados (g\/m\u00b2)<\/th>\n<th>Hilo de coser (g\/m\u00b2)<\/th>\n<\/tr>\n<\/thead>\n<tbody>\n<tr>\n<td>EMK300\/300<\/td>\n<td>609.5<\/td>\n<td>300<\/td>\n<td>300<\/td>\n<td>9.5<\/td>\n<\/tr>\n<tr>\n<td>EMK500\/300<\/td>\n<td>809.5<\/td>\n<td>500<\/td>\n<td>300<\/td>\n<td>9.5<\/td>\n<\/tr>\n<tr>\n<td>EMK500\/450<\/td>\n<td>959.5<\/td>\n<td>500<\/td>\n<td>450<\/td>\n<td>9.5<\/td>\n<\/tr>\n<tr>\n<td>EMK600\/300<\/td>\n<td>909.5<\/td>\n<td>600<\/td>\n<td>300<\/td>\n<td>9.5<\/td>\n<\/tr>\n<tr>\n<td>EMK600\/450<\/td>\n<td>960.71<\/td>\n<td>600<\/td>\n<td>450<\/td>\n<td>10.71<\/td>\n<\/tr>\n<tr>\n<td>EMK800\/300<\/td>\n<td>1110.71<\/td>\n<td>800<\/td>\n<td>300<\/td>\n<td>10.71<\/td>\n<\/tr>\n<tr>\n<td>EMK800\/450<\/td>\n<td>1260.71<\/td>\n<td>800<\/td>\n<td>450<\/td>\n<td>10.71<\/td>\n<\/tr>\n<\/tbody>\n<\/table>\n<\/div>\n<h3>3. Fibra de vidrio Chopped Strand Mat (CSM)<\/h3>\n<h4>Descripci\u00f3n del producto<\/h4>\n<p>Compatible con resinas UP (poli\u00e9ster insaturado), VE (\u00e9ster de vinilo) y EP (epoxi), esta estera es f\u00e1cil de procesar y ofrece un excelente rendimiento de moldeo.<\/p>\n<h4>Aplicaciones<\/h4>\n<ul>\n<li>Paneles transl\u00facidos para tejados y torres de refrigeraci\u00f3n.<\/li>\n<li>Tanques de almacenamiento de productos qu\u00edmicos y tuber\u00edas de PRFV.<\/li>\n<li>Sanitarios, cascos y cubiertas de barcos.<\/li>\n<li>Paneles de carrocer\u00eda de cami\u00f3n FRP.<\/li>\n<\/ul>\n<h4>Propiedades clave<\/h4>\n<ul>\n<li>Distribuci\u00f3n uniforme del peso en la superficie.<\/li>\n<li>Humectaci\u00f3n r\u00e1pida y uniforme de la resina.<\/li>\n<li>F\u00e1cil salida del aire, mejorando la eficiencia del trabajo.<\/li>\n<li>Buena transparencia en las piezas acabadas.<\/li>\n<li>Rigidez moderada y buena conformabilidad.<\/li>\n<li>Bajo consumo de resina, lo que reduce los costes de producci\u00f3n.<\/li>\n<\/ul>\n<h4>Especificaciones t\u00e9cnicas<\/h4>\n<div class=\"table-1\">\n<table>\n<thead>\n<tr>\n<th>C\u00f3digo del producto<\/th>\n<th>Peso areal (g\/m\u00b2)<\/th>\n<th>Contenido de humedad (%)<\/th>\n<th>LOI (%)<\/th>\n<th>Resistencia a la tracci\u00f3n (N\/150mm)<\/th>\n<\/tr>\n<\/thead>\n<tbody>\n<tr>\n<td>EMC85<\/td>\n<td>85<\/td>\n<td>\u22640.20<\/td>\n<td>9\u00b15<\/td>\n<td>\u226550<\/td>\n<\/tr>\n<tr>\n<td>EMC100<\/td>\n<td>100<\/td>\n<td>\u22640.20<\/td>\n<td>9\u00b15<\/td>\n<td>\u226570<\/td>\n<\/tr>\n<tr>\n<td>EMC120<\/td>\n<td>120<\/td>\n<td>\u22640.20<\/td>\n<td>9\u00b15<\/td>\n<td>\u2265100<\/td>\n<\/tr>\n<tr>\n<td>EMC225<\/td>\n<td>225<\/td>\n<td>\u22640.20<\/td>\n<td>2-8<\/td>\n<td>\u226580<\/td>\n<\/tr>\n<tr>\n<td>EMC300<\/td>\n<td>300<\/td>\n<td>\u22640.20<\/td>\n<td>2-8<\/td>\n<td>\u2265130<\/td>\n<\/tr>\n<tr>\n<td>EMC450<\/td>\n<td>450<\/td>\n<td>\u22640.20<\/td>\n<td>2-8<\/td>\n<td>\u2265150<\/td>\n<\/tr>\n<tr>\n<td>EMC600<\/td>\n<td>600<\/td>\n<td>\u22640.20<\/td>\n<td>2-8<\/td>\n<td>\u2265170<\/td>\n<\/tr>\n<tr>\n<td>EMC900<\/td>\n<td>900<\/td>\n<td>\u22640.20<\/td>\n<td>2-8<\/td>\n<td>\u2265180<\/td>\n<\/tr>\n<\/tbody>\n<\/table>\n<\/div>\n<h3>4. Velo de revestimiento de fibra de vidrio<\/h3>\n<h4>Descripci\u00f3n del producto<\/h4>\n<p>Utilizado principalmente como capa superficial en productos FRP, disponible en dos series principales: Filament Winding (S-SM) y Hand Lay-up (S-HM).<\/p>\n<h4>Aplicaciones<\/h4>\n<ul>\n<li><strong>Serie de bobinado (S-SM)<\/strong>: Ideal para tuber\u00edas y dep\u00f3sitos fabricados mediante bobinado de filamentos, mejora la resistencia a la corrosi\u00f3n, la resistencia a la compresi\u00f3n y la prevenci\u00f3n de fugas de la capa superficial del producto, prolongando su vida \u00fatil.<\/li>\n<li><strong>Serie Hand Lay-up (S-HM)<\/strong>: Adecuado para productos laminados a mano con geometr\u00edas complejas, mejorando la solidez y la resistencia a la corrosi\u00f3n de la pieza acabada.<\/li>\n<\/ul>\n<h4>Propiedades clave<\/h4>\n<ul>\n<li>Distribuci\u00f3n uniforme de las fibras.<\/li>\n<li>Proporciona un acabado de superficie lisa y plana.<\/li>\n<li>Excelente resistencia a la corrosi\u00f3n.<\/li>\n<li>Bajo contenido en aglutinantes.<\/li>\n<li>Buena conformabilidad.<\/li>\n<\/ul>\n<h4>Especificaciones t\u00e9cnicas<\/h4>\n<div class=\"table-1\">\n<table>\n<thead>\n<tr>\n<th>C\u00f3digo del producto<\/th>\n<th>Tipo de fibra<\/th>\n<th>Peso areal (g\/m\u00b2)<\/th>\n<th>LOI (%)<\/th>\n<th>Resistencia a la tracci\u00f3n MD (N\/50mm)<\/th>\n<th>Contenido de humedad (%)<\/th>\n<\/tr>\n<\/thead>\n<tbody>\n<tr>\n<td>S-SM 30<\/td>\n<td>C\/E\/ECR-vidrio<\/td>\n<td>30<\/td>\n<td>6<\/td>\n<td>\u226525<\/td>\n<td>\u22640.2<\/td>\n<\/tr>\n<tr>\n<td>S-SM 50<\/td>\n<td>C\/E\/ECR-vidrio<\/td>\n<td>50<\/td>\n<td>6<\/td>\n<td>\u226540<\/td>\n<td>\u22640.2<\/td>\n<\/tr>\n<tr>\n<td>S-HM 30<\/td>\n<td>C\/E\/ECR-vidrio<\/td>\n<td>30<\/td>\n<td>7<\/td>\n<td>\u226520<\/td>\n<td>\u22640.2<\/td>\n<\/tr>\n<tr>\n<td>S-HM 50<\/td>\n<td>C\/E\/ECR-vidrio<\/td>\n<td>50<\/td>\n<td>6<\/td>\n<td>\u226530<\/td>\n<td>\u22640.2<\/td>\n<\/tr>\n<\/tbody>\n<\/table>\n<\/div>\n<h3>5. Fibra de vidrio de filamento continuo (CFM)<\/h3>\n<h4>Descripci\u00f3n del producto<\/h4>\n<p>Refuerzo no tejido formado por filamentos continuos dispuestos de forma aleatoria y arremolinada. Est\u00e1 especialmente indicado para fabricar perfiles pultrusionados y compuestos moldeados por compresi\u00f3n con formas complejas.<\/p>\n<h4>Propiedades clave<\/h4>\n<ul>\n<li>Alta resistencia tanto en estado seco como h\u00famedo.<\/li>\n<li>R\u00e1pida velocidad de impregnaci\u00f3n de la resina.<\/li>\n<li>Excelente conformabilidad, produciendo perfiles con un acabado superficial liso.<\/li>\n<\/ul>\n<h4>Especificaciones t\u00e9cnicas<\/h4>\n<div class=\"table-1\">\n<table>\n<thead>\n<tr>\n<th>Peso areal (g\/m\u00b2)<\/th>\n<th>Contenido de humedad (%)<\/th>\n<th>LOI (%)<\/th>\n<th>Resistencia a la tracci\u00f3n (N\/50mm)<\/th>\n<th>Anchura del rollo (mm)<\/th>\n<\/tr>\n<\/thead>\n<tbody>\n<tr>\n<td>300<\/td>\n<td>\u22640.2<\/td>\n<td>2.1~6.3<\/td>\n<td>&gt;200<\/td>\n<td>1040, 1200<\/td>\n<\/tr>\n<tr>\n<td>450<\/td>\n<td>\u22640.2<\/td>\n<td>2.1~6.3<\/td>\n<td>&gt;300<\/td>\n<td>1040, 1200<\/td>\n<\/tr>\n<tr>\n<td>600<\/td>\n<td>\u22640.2<\/td>\n<td>2.1~6.3<\/td>\n<td>&gt;350<\/td>\n<td>1040, 1200<\/td>\n<\/tr>\n<\/tbody>\n<\/table>\n<\/div>\n<h3>6. Mecha directa de fibra de vidrio<\/h3>\n<h4>6.1 Tejido directo<\/h4>\n<p><strong>Descripci\u00f3n<\/strong>: Adecuado para reforzar resinas de poli\u00e9ster insaturado, \u00e9ster vin\u00edlico, fen\u00f3licas y epoxi.<\/p>\n<p><strong>Aplicaciones<\/strong>: Se utiliza en la producci\u00f3n de tejidos de punto de fibra de vidrio, palas de aerogeneradores y barcos.<\/p>\n<p><strong>Propiedades<\/strong>: Baja pelusa, buen rendimiento de procesamiento, r\u00e1pida humectaci\u00f3n en resina y buena resistencia.<\/p>\n<h4>Especificaciones t\u00e9cnicas<\/h4>\n<div class=\"table-1\">\n<table>\n<thead>\n<tr>\n<th>C\u00f3digo del producto<\/th>\n<th>Tipo de fibra<\/th>\n<th>Densidad lineal (Tex)<\/th>\n<th>Resinas compatibles<\/th>\n<th>Observaciones<\/th>\n<\/tr>\n<\/thead>\n<tbody>\n<tr>\n<td>906<\/td>\n<td>E\/ECR-GLASS<\/td>\n<td>300-4800<\/td>\n<td>UP, VE, PF<\/td>\n<td>Buen rendimiento de tejido<\/td>\n<\/tr>\n<tr>\n<td>908<\/td>\n<td>E\/ECR-GLASS<\/td>\n<td>300-4800<\/td>\n<td>UP, VE, PF<\/td>\n<td>Uso general, suave<\/td>\n<\/tr>\n<tr>\n<td>968<\/td>\n<td>E\/ECR-GLASS<\/td>\n<td>300-4800<\/td>\n<td>EP<\/td>\n<td>Buen rendimiento de tejido<\/td>\n<\/tr>\n<\/tbody>\n<\/table>\n<\/div>\n<h4>6.2 Mecha directa para bobinado de filamentos \/ pultrusi\u00f3n<\/h4>\n<p><strong>Descripci\u00f3n<\/strong>: Principalmente adecuado para reforzar resinas de poli\u00e9ster insaturado, \u00e9ster vin\u00edlico, epoxi y fen\u00f3licas.<\/p>\n<p><strong>Aplicaciones<\/strong>: Ampliamente utilizado en las industrias aeroespacial, del transporte, del petr\u00f3leo, qu\u00edmica, de la construcci\u00f3n y de las comunicaciones.<\/p>\n<p><strong>Propiedades<\/strong>: Baja pelusa, buena dispersi\u00f3n de la fibra, alta resistencia, compatible con m\u00faltiples resinas y tensi\u00f3n de salida uniforme.<\/p>\n<h4>Especificaciones t\u00e9cnicas<\/h4>\n<div class=\"table-1\">\n<table>\n<thead>\n<tr>\n<th>C\u00f3digo del producto<\/th>\n<th>Tipo de fibra<\/th>\n<th>Densidad lineal (Tex)<\/th>\n<th>Resinas compatibles<\/th>\n<th>Observaciones<\/th>\n<\/tr>\n<\/thead>\n<tbody>\n<tr>\n<td>906<\/td>\n<td>E\/ECR-GLASS<\/td>\n<td>300-9600<\/td>\n<td>UP, VE, PF<\/td>\n<td>Uso general<\/td>\n<\/tr>\n<tr>\n<td>908<\/td>\n<td>E\/ECR-GLASS<\/td>\n<td>300-9600<\/td>\n<td>UP, VE, PF<\/td>\n<td>Uso general, suave<\/td>\n<\/tr>\n<tr>\n<td>968<\/td>\n<td>E\/ECR-GLASS<\/td>\n<td>300-9600<\/td>\n<td>EP<\/td>\n<td>Uso general<\/td>\n<\/tr>\n<\/tbody>\n<\/table>\n<\/div>\n<h4>6.3 Mecha directa para bobinado de filamentos<\/h4>\n<p><strong>Descripci\u00f3n<\/strong>: Dise\u00f1ado para el proceso de bobinado de filamentos FRP y es compatible con resinas de poli\u00e9ster insaturado, \u00e9ster vin\u00edlico y epoxi.<\/p>\n<p><strong>Aplicaciones<\/strong>: Se utiliza principalmente para tubos de FRP enrollados en filamento, y tambi\u00e9n puede utilizarse en algunas aplicaciones de pultrusi\u00f3n.<\/p>\n<p><strong>Propiedades<\/strong>: Buena compatibilidad con m\u00faltiples resinas, baja demanda de resina y r\u00e1pida humectaci\u00f3n, y baja pelusa.<\/p>\n<h4>Especificaciones t\u00e9cnicas<\/h4>\n<div class=\"table-1\">\n<table>\n<thead>\n<tr>\n<th>C\u00f3digo del producto<\/th>\n<th>Densidad lineal (Tex)<\/th>\n<th>Tolerancia (%)<\/th>\n<th>Contenido de humedad (%)<\/th>\n<th>LOI (%)<\/th>\n<th>Resistencia a la rotura (N\/Tex)<\/th>\n<\/tr>\n<\/thead>\n<tbody>\n<tr>\n<td>EDR2400-T908<\/td>\n<td>2400<\/td>\n<td>\u00b15<\/td>\n<td>\u22640.20<\/td>\n<td>0.50\u00b10.20<\/td>\n<td>\u22650.35<\/td>\n<\/tr>\n<tr>\n<td>EDR4800-T908<\/td>\n<td>4800<\/td>\n<td>\u00b15<\/td>\n<td>\u22640.20<\/td>\n<td>0.50\u00b10.20<\/td>\n<td>\u22650.35<\/td>\n<\/tr>\n<\/tbody>\n<\/table>\n<\/div>\n<h3>7. Mecha de fibra de vidrio pulverizada<\/h3>\n<h4>Descripci\u00f3n del producto<\/h4>\n<p>Tejido de refuerzo dise\u00f1ado para el proceso de moldeo por pulverizaci\u00f3n, compatible con resinas de poli\u00e9ster insaturadas.<\/p>\n<h4>Aplicaciones<\/h4>\n<ul>\n<li>Ampliamente utilizado para productos FRP como piezas de autom\u00f3vil, cascos de barcos, sanitarios, dep\u00f3sitos de almacenamiento, tuber\u00edas y torres de refrigeraci\u00f3n.<\/li>\n<\/ul>\n<h4>Propiedades clave<\/h4>\n<ul>\n<li>Excelente rendimiento de corte.<\/li>\n<li>Caracter\u00edsticas de moldeo superiores.<\/li>\n<li>F\u00e1cil salida del aire.<\/li>\n<li>Velocidad de mojado moderada.<\/li>\n<li>Buena dispersi\u00f3n.<\/li>\n<\/ul>\n<h4>Especificaciones t\u00e9cnicas<\/h4>\n<div class=\"table-1\">\n<table>\n<thead>\n<tr>\n<th>C\u00f3digo del producto<\/th>\n<th>Tipo de fibra<\/th>\n<th>Densidad lineal (Tex)<\/th>\n<th>Resinas compatibles<\/th>\n<th>Observaciones<\/th>\n<\/tr>\n<\/thead>\n<tbody>\n<tr>\n<td>618<\/td>\n<td>E\/ECR-GLASS<\/td>\n<td>2400\/4800<\/td>\n<td>ARRIBA, VE<\/td>\n<td>Prop\u00f3sito general<\/td>\n<\/tr>\n<tr>\n<td>620<\/td>\n<td>E\/ECR-GLASS<\/td>\n<td>2400\/4800<\/td>\n<td>ARRIBA, VE<\/td>\n<td>Mec\u00e1nica de alta velocidad<\/td>\n<\/tr>\n<\/tbody>\n<\/table>\n<\/div>\n<h3>8. Roving de fibra de vidrio para SMC (compuesto de moldeo en l\u00e1minas)<\/h3>\n<h4>Descripci\u00f3n del producto<\/h4>\n<p>Dise\u00f1ado principalmente para placas de SMC estructurales y de superficie de Clase A, compatible con resinas de poli\u00e9ster insaturado (UP) y \u00e9ster de vinilo (VE).<\/p>\n<h4>Aplicaciones<\/h4>\n<ul>\n<li>Se utiliza para sanitarios y otros productos que requieren una superficie lisa y resistencia al agua.<\/li>\n<li>Tambi\u00e9n puede aplicarse a productos estructurales como componentes de automoci\u00f3n y piezas el\u00e9ctricas.<\/li>\n<\/ul>\n<h4>Propiedades clave<\/h4>\n<ul>\n<li>Buena picabilidad y dispersi\u00f3n.<\/li>\n<li>Buenas propiedades mec\u00e1nicas.<\/li>\n<li>Se humedece r\u00e1pidamente y es compatible con resinas UP, VE y PU.<\/li>\n<li>Proporciona una superficie lisa y resistente al agua en el producto final.<\/li>\n<\/ul>\n<h4>Especificaciones t\u00e9cnicas<\/h4>\n<div class=\"table-1\">\n<table>\n<thead>\n<tr>\n<th>C\u00f3digo del producto<\/th>\n<th>Densidad lineal (Tex)<\/th>\n<th>Tolerancia (%)<\/th>\n<th>Contenido de humedad (%)<\/th>\n<th>LOI (%)<\/th>\n<th>Rigidez (mm)<\/th>\n<th>Solicitud<\/th>\n<\/tr>\n<\/thead>\n<tbody>\n<tr>\n<td>ER2400-T717<\/td>\n<td>2400<\/td>\n<td>\u00b16<\/td>\n<td>\u22640.10<\/td>\n<td>1.40\u00b10.20<\/td>\n<td>140\u00b120<\/td>\n<td>Grado estructural<\/td>\n<\/tr>\n<tr>\n<td>EP4800-T717<\/td>\n<td>4800<\/td>\n<td>\u00b16<\/td>\n<td>\u22640.10<\/td>\n<td>1.40\u00b10.20<\/td>\n<td>140\u00b120<\/td>\n<td>Grado estructural<\/td>\n<\/tr>\n<tr>\n<td>ER4800-T712<\/td>\n<td>4800<\/td>\n<td>\u00b16<\/td>\n<td>\u22640.10<\/td>\n<td>1.00\u00b10.20<\/td>\n<td>130\u00b120<\/td>\n<td>Grado de superficie<\/td>\n<\/tr>\n<tr>\n<td>ER4800-T718<\/td>\n<td>4800<\/td>\n<td>\u00b16<\/td>\n<td>\u22640.10<\/td>\n<td>1.40\u00b10.20<\/td>\n<td>140\u00b120<\/td>\n<td>Alto contenido<\/td>\n<\/tr>\n<\/tbody>\n<\/table>\n<\/div>\n<h3>9. Fibra de vidrio para bobinado continuo de tubos<\/h3>\n<h4>Descripci\u00f3n del producto<\/h4>\n<p>Adecuado para la producci\u00f3n de tubos mediante el proceso de bobinado continuo de tubos. Presenta una buena dispersi\u00f3n y una excelente compatibilidad con los sistemas de resinas.<\/p>\n<h4>Propiedades clave<\/h4>\n<ul>\n<li>Buenas caracter\u00edsticas de picado y dispersi\u00f3n.<\/li>\n<li>Buenas propiedades antiest\u00e1ticas.<\/li>\n<li>R\u00e1pida velocidad de mojado.<\/li>\n<li>Excelentes propiedades mec\u00e1nicas.<\/li>\n<\/ul>\n<h4>Especificaciones t\u00e9cnicas<\/h4>\n<div class=\"table-1\">\n<table>\n<thead>\n<tr>\n<th>C\u00f3digo del producto<\/th>\n<th>Densidad lineal (Tex)<\/th>\n<th>Tolerancia (%)<\/th>\n<th>Contenido de humedad (%)<\/th>\n<th>LOI (%)<\/th>\n<th>Rigidez (mm)<\/th>\n<\/tr>\n<\/thead>\n<tbody>\n<tr>\n<td>ER2400-T632<\/td>\n<td>2400<\/td>\n<td>\u00b16<\/td>\n<td>\u22640.20<\/td>\n<td>0.85\u00b10.15<\/td>\n<td>130\u00b120<\/td>\n<\/tr>\n<\/tbody>\n<\/table>\n<\/div>\n<\/div><\/div><\/div><\/div><\/div><\/p>","protected":false},"excerpt":{"rendered":"","protected":false},"author":1,"featured_media":0,"parent":0,"menu_order":0,"comment_status":"closed","ping_status":"closed","template":"100-width.php","meta":{"footnotes":""},"class_list":["post-2760","page","type-page","status-publish","hentry"],"_links":{"self":[{"href":"https:\/\/www.alitaresins.com\/es\/wp-json\/wp\/v2\/pages\/2760","targetHints":{"allow":["GET"]}}],"collection":[{"href":"https:\/\/www.alitaresins.com\/es\/wp-json\/wp\/v2\/pages"}],"about":[{"href":"https:\/\/www.alitaresins.com\/es\/wp-json\/wp\/v2\/types\/page"}],"author":[{"embeddable":true,"href":"https:\/\/www.alitaresins.com\/es\/wp-json\/wp\/v2\/users\/1"}],"replies":[{"embeddable":true,"href":"https:\/\/www.alitaresins.com\/es\/wp-json\/wp\/v2\/comments?post=2760"}],"version-history":[{"count":0,"href":"https:\/\/www.alitaresins.com\/es\/wp-json\/wp\/v2\/pages\/2760\/revisions"}],"wp:attachment":[{"href":"https:\/\/www.alitaresins.com\/es\/wp-json\/wp\/v2\/media?parent=2760"}],"curies":[{"name":"wp","href":"https:\/\/api.w.org\/{rel}","templated":true}]}}